{"id":21,"date":"2011-03-13T13:42:59","date_gmt":"2011-03-13T13:42:59","guid":{"rendered":"http:\/\/www.pohjolanerikoistyo.fi\/?page_id=21"},"modified":"2019-12-08T16:57:20","modified_gmt":"2019-12-08T14:57:20","slug":"yhteystiedot","status":"publish","type":"page","link":"https:\/\/www.pohjolanerikoistyo.fi\/?page_id=21","title":{"rendered":"Yhteystiedot"},"content":{"rendered":"<p><img loading=\"lazy\" decoding=\"async\" class=\"alignright size-full wp-image-65\" title=\"yhteys\" src=\"http:\/\/www.pohjolanerikoistyo.fi\/wp-content\/uploads\/2011\/03\/yhteys1.jpg\" alt=\"\" width=\"350\" height=\"235\" srcset=\"https:\/\/www.pohjolanerikoistyo.fi\/wp-content\/uploads\/2011\/03\/yhteys1.jpg 350w, https:\/\/www.pohjolanerikoistyo.fi\/wp-content\/uploads\/2011\/03\/yhteys1-300x201.jpg 300w\" sizes=\"(max-width: 350px) 100vw, 350px\" \/><\/p>\n<h2>Ollaan yhteydess\u00e4!<\/h2>\n<p>&nbsp;<\/p>\n<h4><strong>Pohjolan Erikoisty\u00f6 Oy<\/strong><\/h4>\n<h5>Ahontie 18, 85450 SIEVI<\/h5>\n<h5><strong>&#8211; <span style=\"color: #0000b7;\">Janne Korte<\/span><\/strong><span style=\"color: #000000;\"> p. 0400 750774<\/span><\/h5>\n<h5><strong>email:<\/strong> pohjolanerikoistyo@kotinet.com<\/h5>\n\n\n<!-- Fast Secure Contact Form plugin 4.0.52 - begin - FastSecureContactForm.com -->\r\n<div style=\"clear:both;\"><\/div>\n<h5>Voit ottaa meihin yhteytt\u00e4 my\u00f6s alla n\u00e4kyv\u00e4ll\u00e4 lomakkeella. T\u00e4yt\u00e4 kaikki kohdat!<\/h5>\r\n<div id=\"FSContact1\" style=\"width:375px; margin-left:10px;\">\r\n<form action=\"https:\/\/www.pohjolanerikoistyo.fi\/index.php?rest_route=%2Fwp%2Fv2%2Fpages%2F21#FSContact1\" id=\"fscf_form1\" method=\"post\">\r\n\n<div id=\"fscf_div_clear1_0\" style=\"clear:both;\">\n  <div id=\"fscf_div_field1_0\" style=\"clear:left; float:left; width:99%; max-width:550px; margin-right:10px;\">\r\n    <div style=\"text-align:left; padding-top:5px;\">\n      <label style=\"text-align:left;\" for=\"fscf_name1\">Name:<\/label>\n    <\/div>\r\n    <div style=\"text-align:left;\">\r\n      <input style=\"text-align:left; margin:0;\" type=\"text\" id=\"fscf_name1\" name=\"full_name\" value=\"\"  \/>\r\n    <\/div>\r\n  <\/div>\n<\/div>\n\n<div id=\"fscf_div_clear1_1\" style=\"clear:both;\">\n  <div id=\"fscf_div_field1_1\" style=\"clear:left; float:left; width:99%; max-width:550px; margin-right:10px;\">\n    <div style=\"text-align:left; padding-top:5px;\">\n      <label style=\"text-align:left;\" for=\"fscf_email1\">Email:<\/label>\n    <\/div>\n    <div style=\"text-align:left;\">\n      <input style=\"text-align:left; margin:0;\" type=\"text\" id=\"fscf_email1\" name=\"email\" value=\"\"  \/>\n    <\/div>\n  <\/div>\n<\/div>\n\n<div id=\"fscf_div_clear1_2\" style=\"clear:both;\">\n  <div id=\"fscf_div_field1_2\" style=\"clear:left; float:left; width:99%; max-width:550px; margin-right:10px;\">\n    <div style=\"text-align:left; padding-top:5px;\">\n      <label style=\"text-align:left;\" for=\"fscf_field1_2\">Subject:<\/label>\n    <\/div>\n    <div style=\"text-align:left;\">\n      <input style=\"text-align:left; margin:0;\" type=\"text\" id=\"fscf_field1_2\" name=\"subject\" value=\"\"  \/>\n    <\/div>\n  <\/div>\n<\/div>\n\n<div id=\"fscf_div_clear1_3\" style=\"clear:both;\">\n  <div id=\"fscf_div_field1_3\" style=\"clear:left; float:left; width:99%; max-width:550px; margin-right:10px;\">\n    <div style=\"text-align:left; padding-top:5px;\">\n      <label style=\"text-align:left;\" for=\"fscf_field1_3\">Message:<\/label>\n    <\/div>\n    <div style=\"text-align:left;\">\n      <textarea style=\"text-align:left; margin:0; width:99%; max-width:250px; height:120px;\" id=\"fscf_field1_3\" name=\"message\" cols=\"30\" rows=\"10\" ><\/textarea>\n    <\/div>\n  <\/div>\n<\/div>\r\n<div style=\"clear:both;\"><\/div>\n\n<div id=\"fscf_submit_div1\" style=\"text-align:left; padding-top:8px;\">\r\n\t\t<input type=\"submit\" id=\"fscf_submit1\" style=\"cursor:pointer; margin:0;\" value=\"L&auml;het&auml;\"  onclick=\"this.disabled=true; this.value='Submitting...'; this.form.submit();\" \/> \n<\/div>\n\n<input type=\"hidden\" name=\"fscf_submitted\" value=\"0\" \/>\n<input type=\"hidden\" name=\"fs_postonce_1\" value=\"62e7cb4d696c3f30cc35e5cce4d64388,1776305404\" \/>\n<input type=\"hidden\" name=\"si_contact_action\" value=\"send\" \/>\n<input type=\"hidden\" name=\"form_id\" value=\"1\" \/>\n<input type=\"hidden\" name=\"mailto_id\" value=\"1\" \/>\n\n<\/form>\n<\/div>\r\n<div style=\"clear:both;\"><\/div>\n\n<!-- Fast Secure Contact Form plugin 4.0.52 - end - FastSecureContactForm.com -->\n\n","protected":false},"excerpt":{"rendered":"<p>Ollaan yhteydess\u00e4! &nbsp; Pohjolan Erikoisty\u00f6 Oy Ahontie 18, 85450 SIEVI &#8211; Janne Korte p. 0400 750774 email: pohjolanerikoistyo@kotinet.com<\/p>\n","protected":false},"author":1,"featured_media":0,"parent":0,"menu_order":20,"comment_status":"closed","ping_status":"open","template":"","meta":{"footnotes":""},"_links":{"self":[{"href":"https:\/\/www.pohjolanerikoistyo.fi\/index.php?rest_route=\/wp\/v2\/pages\/21"}],"collection":[{"href":"https:\/\/www.pohjolanerikoistyo.fi\/index.php?rest_route=\/wp\/v2\/pages"}],"about":[{"href":"https:\/\/www.pohjolanerikoistyo.fi\/index.php?rest_route=\/wp\/v2\/types\/page"}],"author":[{"embeddable":true,"href":"https:\/\/www.pohjolanerikoistyo.fi\/index.php?rest_route=\/wp\/v2\/users\/1"}],"replies":[{"embeddable":true,"href":"https:\/\/www.pohjolanerikoistyo.fi\/index.php?rest_route=%2Fwp%2Fv2%2Fcomments&post=21"}],"version-history":[{"count":40,"href":"https:\/\/www.pohjolanerikoistyo.fi\/index.php?rest_route=\/wp\/v2\/pages\/21\/revisions"}],"predecessor-version":[{"id":105,"href":"https:\/\/www.pohjolanerikoistyo.fi\/index.php?rest_route=\/wp\/v2\/pages\/21\/revisions\/105"}],"wp:attachment":[{"href":"https:\/\/www.pohjolanerikoistyo.fi\/index.php?rest_route=%2Fwp%2Fv2%2Fmedia&parent=21"}],"curies":[{"name":"wp","href":"https:\/\/api.w.org\/{rel}","templated":true}]}}