{"id":16,"date":"2011-03-13T13:41:04","date_gmt":"2011-03-13T13:41:04","guid":{"rendered":"http:\/\/www.pohjolanerikoistyo.fi\/?page_id=16"},"modified":"2018-12-12T21:36:58","modified_gmt":"2018-12-12T19:36:58","slug":"purkutyot","status":"publish","type":"page","link":"https:\/\/www.pohjolanerikoistyo.fi\/?page_id=16","title":{"rendered":"Purkuty\u00f6t"},"content":{"rendered":"<p><img loading=\"lazy\" decoding=\"async\" src=\"http:\/\/www.pohjolanerikoistyo.fi\/wp-content\/uploads\/2011\/03\/purku2.jpg\" alt=\"\" title=\"purku\" width=\"293\" height=\"350\" class=\"alignright size-full wp-image-81\" srcset=\"https:\/\/www.pohjolanerikoistyo.fi\/wp-content\/uploads\/2011\/03\/purku2.jpg 293w, https:\/\/www.pohjolanerikoistyo.fi\/wp-content\/uploads\/2011\/03\/purku2-251x300.jpg 251w\" sizes=\"(max-width: 293px) 100vw, 293px\" \/><\/p>\n<h2>Purkuty\u00f6t<\/h2>\n<p>Suoritamme monipuolisia purkut\u00f6it\u00e4. Purku-urakkaan kuuluu usein kohteen kaikki purkuty\u00f6t, kuten haitta-aineiden purku, piikkausty\u00f6t, timanttity\u00f6t sek\u00e4 muut purkuty\u00f6h\u00f6n liittyv\u00e4t teht\u00e4v\u00e4t. <\/p>\n<p>Teemme niin kevyit\u00e4 kuin raskaitakin purkut\u00f6it\u00e4.<\/p>\n","protected":false},"excerpt":{"rendered":"<p>Purkuty\u00f6t Suoritamme monipuolisia purkut\u00f6it\u00e4. Purku-urakkaan kuuluu usein kohteen kaikki purkuty\u00f6t, kuten haitta-aineiden purku, piikkausty\u00f6t, timanttity\u00f6t sek\u00e4 muut purkuty\u00f6h\u00f6n liittyv\u00e4t teht\u00e4v\u00e4t. Teemme niin kevyit\u00e4 kuin raskaitakin purkut\u00f6it\u00e4.<\/p>\n","protected":false},"author":1,"featured_media":0,"parent":0,"menu_order":10,"comment_status":"closed","ping_status":"open","template":"","meta":{"footnotes":""},"_links":{"self":[{"href":"https:\/\/www.pohjolanerikoistyo.fi\/index.php?rest_route=\/wp\/v2\/pages\/16"}],"collection":[{"href":"https:\/\/www.pohjolanerikoistyo.fi\/index.php?rest_route=\/wp\/v2\/pages"}],"about":[{"href":"https:\/\/www.pohjolanerikoistyo.fi\/index.php?rest_route=\/wp\/v2\/types\/page"}],"author":[{"embeddable":true,"href":"https:\/\/www.pohjolanerikoistyo.fi\/index.php?rest_route=\/wp\/v2\/users\/1"}],"replies":[{"embeddable":true,"href":"https:\/\/www.pohjolanerikoistyo.fi\/index.php?rest_route=%2Fwp%2Fv2%2Fcomments&post=16"}],"version-history":[{"count":10,"href":"https:\/\/www.pohjolanerikoistyo.fi\/index.php?rest_route=\/wp\/v2\/pages\/16\/revisions"}],"predecessor-version":[{"id":102,"href":"https:\/\/www.pohjolanerikoistyo.fi\/index.php?rest_route=\/wp\/v2\/pages\/16\/revisions\/102"}],"wp:attachment":[{"href":"https:\/\/www.pohjolanerikoistyo.fi\/index.php?rest_route=%2Fwp%2Fv2%2Fmedia&parent=16"}],"curies":[{"name":"wp","href":"https:\/\/api.w.org\/{rel}","templated":true}]}}