{"id":10,"date":"2011-03-13T13:35:17","date_gmt":"2011-03-13T13:35:17","guid":{"rendered":"http:\/\/www.pohjolanerikoistyo.fi\/?page_id=10"},"modified":"2018-12-12T21:36:55","modified_gmt":"2018-12-12T19:36:55","slug":"timanttityot","status":"publish","type":"page","link":"https:\/\/www.pohjolanerikoistyo.fi\/?page_id=10","title":{"rendered":"Timanttity\u00f6t"},"content":{"rendered":"<h2>Timanttisahaukset ja -poraukset<\/h2>\n<p><img loading=\"lazy\" decoding=\"async\" src=\"http:\/\/www.pohjolanerikoistyo.fi\/wp-content\/uploads\/2011\/03\/tera_pieni.jpg\" alt=\"\" title=\"tera_pieni\" width=\"300\" height=\"292\" class=\"alignright size-full wp-image-53\" \/><br \/>\nTimanttisahausta ja -porausta k\u00e4ytet\u00e4\u00e4n useimmiten erilaisten reikien ja aukkojen tekoon. Menetelmi\u00e4 k\u00e4ytet\u00e4\u00e4n koviin materiaaleihin, esimerkkein\u00e4 betoni, ter\u00e4sbetoni, luonnonkivet , tiili ja asfaltti. <\/p>\n<p>Timanttitekniikan etuina on siisti leikkuuj\u00e4lki ja hyv\u00e4 mittatarkkuus. My\u00f6s rakenteen lujuuus s\u00e4ilyy niin hyv\u00e4n\u00e4 kuin mahdollista.  Melu ja p\u00f6ly\u00e4minen ovat muihin menetelmiin verrattuna varsin v\u00e4h\u00e4isi\u00e4. <\/p>\n","protected":false},"excerpt":{"rendered":"<p>Timanttisahaukset ja -poraukset Timanttisahausta ja -porausta k\u00e4ytet\u00e4\u00e4n useimmiten erilaisten reikien ja aukkojen tekoon. Menetelmi\u00e4 k\u00e4ytet\u00e4\u00e4n koviin materiaaleihin, esimerkkein\u00e4 betoni, ter\u00e4sbetoni, luonnonkivet , tiili ja asfaltti. Timanttitekniikan etuina on siisti leikkuuj\u00e4lki ja hyv\u00e4 mittatarkkuus. My\u00f6s rakenteen lujuuus s\u00e4ilyy niin hyv\u00e4n\u00e4 kuin mahdollista. Melu ja p\u00f6ly\u00e4minen ovat muihin menetelmiin verrattuna varsin v\u00e4h\u00e4isi\u00e4.<\/p>\n","protected":false},"author":1,"featured_media":0,"parent":0,"menu_order":5,"comment_status":"closed","ping_status":"open","template":"","meta":{"footnotes":""},"_links":{"self":[{"href":"https:\/\/www.pohjolanerikoistyo.fi\/index.php?rest_route=\/wp\/v2\/pages\/10"}],"collection":[{"href":"https:\/\/www.pohjolanerikoistyo.fi\/index.php?rest_route=\/wp\/v2\/pages"}],"about":[{"href":"https:\/\/www.pohjolanerikoistyo.fi\/index.php?rest_route=\/wp\/v2\/types\/page"}],"author":[{"embeddable":true,"href":"https:\/\/www.pohjolanerikoistyo.fi\/index.php?rest_route=\/wp\/v2\/users\/1"}],"replies":[{"embeddable":true,"href":"https:\/\/www.pohjolanerikoistyo.fi\/index.php?rest_route=%2Fwp%2Fv2%2Fcomments&post=10"}],"version-history":[{"count":9,"href":"https:\/\/www.pohjolanerikoistyo.fi\/index.php?rest_route=\/wp\/v2\/pages\/10\/revisions"}],"predecessor-version":[{"id":101,"href":"https:\/\/www.pohjolanerikoistyo.fi\/index.php?rest_route=\/wp\/v2\/pages\/10\/revisions\/101"}],"wp:attachment":[{"href":"https:\/\/www.pohjolanerikoistyo.fi\/index.php?rest_route=%2Fwp%2Fv2%2Fmedia&parent=10"}],"curies":[{"name":"wp","href":"https:\/\/api.w.org\/{rel}","templated":true}]}}